{"id":28,"date":"2023-03-10T22:02:38","date_gmt":"2023-03-10T21:02:38","guid":{"rendered":"https:\/\/alltic.pl\/?page_id=28"},"modified":"2026-01-08T08:54:58","modified_gmt":"2026-01-08T07:54:58","slug":"strona-glowna","status":"publish","type":"page","link":"https:\/\/alltic.pl\/","title":{"rendered":"home page"},"content":{"rendered":"\t\t<div data-elementor-type=\"wp-page\" data-elementor-id=\"28\" class=\"elementor elementor-28\" data-elementor-post-type=\"page\">\n\t\t\t\t\t\t<section class=\"elementor-section elementor-top-section elementor-element elementor-element-e3bddce elementor-section-boxed elementor-section-height-default elementor-section-height-default\" data-id=\"e3bddce\" data-element_type=\"section\">\n\t\t\t\t\t\t<div class=\"elementor-container elementor-column-gap-default\">\n\t\t\t\t\t<div class=\"elementor-column elementor-col-50 elementor-top-column elementor-element elementor-element-b7507e1\" data-id=\"b7507e1\" data-element_type=\"column\">\n\t\t\t<div class=\"elementor-widget-wrap elementor-element-populated\">\n\t\t\t\t\t\t<div class=\"elementor-element elementor-element-e0cad2c e-transform elementor-cta--skin-cover elementor-animated-content elementor-bg-transform elementor-bg-transform-zoom-in elementor-widget elementor-widget-call-to-action\" data-id=\"e0cad2c\" data-element_type=\"widget\" data-settings=\"{&quot;_transform_scale_effect&quot;:{&quot;unit&quot;:&quot;px&quot;,&quot;size&quot;:&quot;&quot;,&quot;sizes&quot;:[]},&quot;_transform_scale_effect_tablet&quot;:{&quot;unit&quot;:&quot;px&quot;,&quot;size&quot;:&quot;&quot;,&quot;sizes&quot;:[]},&quot;_transform_scale_effect_mobile&quot;:{&quot;unit&quot;:&quot;px&quot;,&quot;size&quot;:&quot;&quot;,&quot;sizes&quot;:[]}}\" data-widget_type=\"call-to-action.default\">\n\t\t\t\t<div class=\"elementor-widget-container\">\n\t\t\t\t\t\t\t<a class=\"elementor-cta\" href=\"https:\/\/alltic.pl\/?page_id=8\">\n\t\t\t\t\t<div class=\"elementor-cta__bg-wrapper\">\n\t\t\t\t<div class=\"elementor-cta__bg elementor-bg\" style=\"background-image: url(https:\/\/alltic.pl\/wp-content\/uploads\/2026\/01\/05a8c8ac-3c4f-4c70-b85a-1679412fba1c-768x1024.webp);\" role=\"img\" aria-label=\"05a8c8ac-3c4f-4c70-b85a-1679412fba1c\"><\/div>\n\t\t\t\t<div class=\"elementor-cta__bg-overlay\"><\/div>\n\t\t\t<\/div>\n\t\t\t\t\t\t\t<div class=\"elementor-cta__content\">\n\t\t\t\t\n\t\t\t\t\t\t\t\t\t<h2 class=\"elementor-cta__title elementor-cta__content-item elementor-content-item elementor-animated-item--grow\">\n\t\t\t\t\t\tProfesjonalny Monta\u017c Monitoringu: Bezpiecze\u0144stwo pod Kontrol\u0105\t\t\t\t\t<\/h2>\n\t\t\t\t\n\t\t\t\t\t\t\t\t\t<div class=\"elementor-cta__description elementor-cta__content-item elementor-content-item elementor-animated-item--grow\">\n\t\t\t\t\t\tSkuteczna instalacja monitoringu wizyjnego to fundament bezpiecze\u0144stwa ka\u017cdego domu, biura czy magazynu. Proces ten wykracza poza samo rozmieszczenie urz\u0105dze\u0144 \u2013 to precyzyjne projektowanie systemu, kt\u00f3ry eliminuje martwe strefy i zapewnia pe\u0142ny nadz\u00f3r nad mieniem przez 24\/7.\t\t\t\t\t<\/div>\n\t\t\t\t\n\t\t\t\t\t\t\t\t\t<div class=\"elementor-cta__button-wrapper elementor-cta__content-item elementor-content-item elementor-animated-item--grow\">\n\t\t\t\t\t<span class=\"elementor-cta__button elementor-button elementor-size-\">\n\t\t\t\t\t\tKliknij tutaj\t\t\t\t\t<\/span>\n\t\t\t\t\t<\/div>\n\t\t\t\t\t\t\t<\/div>\n\t\t\t\t\t\t<\/a>\n\t\t\t\t\t\t<\/div>\n\t\t\t\t<\/div>\n\t\t\t\t\t<\/div>\n\t\t<\/div>\n\t\t\t\t<div class=\"elementor-column elementor-col-50 elementor-top-column elementor-element elementor-element-0fb6b31\" data-id=\"0fb6b31\" data-element_type=\"column\">\n\t\t\t<div class=\"elementor-widget-wrap elementor-element-populated\">\n\t\t\t\t\t\t<div class=\"elementor-element elementor-element-0ea0b7f e-transform elementor-cta--skin-cover elementor-animated-content elementor-bg-transform elementor-bg-transform-zoom-in elementor-widget elementor-widget-call-to-action\" data-id=\"0ea0b7f\" data-element_type=\"widget\" data-settings=\"{&quot;_transform_scale_effect&quot;:{&quot;unit&quot;:&quot;px&quot;,&quot;size&quot;:&quot;&quot;,&quot;sizes&quot;:[]},&quot;_transform_scale_effect_tablet&quot;:{&quot;unit&quot;:&quot;px&quot;,&quot;size&quot;:&quot;&quot;,&quot;sizes&quot;:[]},&quot;_transform_scale_effect_mobile&quot;:{&quot;unit&quot;:&quot;px&quot;,&quot;size&quot;:&quot;&quot;,&quot;sizes&quot;:[]}}\" data-widget_type=\"call-to-action.default\">\n\t\t\t\t<div class=\"elementor-widget-container\">\n\t\t\t\t\t\t\t<a class=\"elementor-cta\" href=\"https:\/\/alltic.pl\/?page_id=9\">\n\t\t\t\t\t<div class=\"elementor-cta__bg-wrapper\">\n\t\t\t\t<div class=\"elementor-cta__bg elementor-bg\" style=\"background-image: url(https:\/\/alltic.pl\/wp-content\/uploads\/2023\/03\/67434470_606973709791782_2113609206576709632_n.jpg);\" role=\"img\" aria-label=\"67434470_606973709791782_2113609206576709632_n\"><\/div>\n\t\t\t\t<div class=\"elementor-cta__bg-overlay\"><\/div>\n\t\t\t<\/div>\n\t\t\t\t\t\t\t<div class=\"elementor-cta__content\">\n\t\t\t\t\n\t\t\t\t\t\t\t\t\t<h2 class=\"elementor-cta__title elementor-cta__content-item elementor-content-item elementor-animated-item--grow\">\n\t\t\t\t\t\tProfesjonalna Instalacja Systemu Alarmowego: Twoja Twierdza pod Kontrol\u0105\t\t\t\t\t<\/h2>\n\t\t\t\t\n\t\t\t\t\t\t\t\t\t<div class=\"elementor-cta__description elementor-cta__content-item elementor-content-item elementor-animated-item--grow\">\n\t\t\t\t\t\tSkuteczna instalacja systemu alarmowego to najskuteczniejszy spos\u00f3b na zabezpieczenie mienia przed w\u0142amanie, kradzie\u017c\u0105 i nieprzewidzianymi zdarzeniami. Nowoczesny alarm do domu lub firmy to nie tylko syrena, ale inteligentna sie\u0107 czujnik\u00f3w, kt\u00f3ra czuwa nad Twoim bezpiecze\u0144stwem 24\/7, oferuj\u0105c natychmiastowe powiadomienia na telefon.\t\t\t\t\t<\/div>\n\t\t\t\t\n\t\t\t\t\t\t\t\t\t<div class=\"elementor-cta__button-wrapper elementor-cta__content-item elementor-content-item elementor-animated-item--grow\">\n\t\t\t\t\t<span class=\"elementor-cta__button elementor-button elementor-size-\">\n\t\t\t\t\t\tKliknij tutaj\t\t\t\t\t<\/span>\n\t\t\t\t\t<\/div>\n\t\t\t\t\t\t\t<\/div>\n\t\t\t\t\t\t<\/a>\n\t\t\t\t\t\t<\/div>\n\t\t\t\t<\/div>\n\t\t\t\t\t<\/div>\n\t\t<\/div>\n\t\t\t\t\t<\/div>\n\t\t<\/section>\n\t\t\t\t<section class=\"elementor-section elementor-top-section elementor-element elementor-element-186a0df elementor-section-boxed elementor-section-height-default elementor-section-height-default\" data-id=\"186a0df\" data-element_type=\"section\">\n\t\t\t\t\t\t<div class=\"elementor-container elementor-column-gap-default\">\n\t\t\t\t\t<div class=\"elementor-column elementor-col-50 elementor-top-column elementor-element elementor-element-8bf7f9c\" data-id=\"8bf7f9c\" data-element_type=\"column\">\n\t\t\t<div class=\"elementor-widget-wrap elementor-element-populated\">\n\t\t\t\t\t\t<div class=\"elementor-element elementor-element-484093e e-transform elementor-cta--skin-cover elementor-animated-content elementor-bg-transform elementor-bg-transform-zoom-in elementor-widget elementor-widget-call-to-action\" data-id=\"484093e\" data-element_type=\"widget\" data-settings=\"{&quot;_transform_scale_effect&quot;:{&quot;unit&quot;:&quot;px&quot;,&quot;size&quot;:&quot;&quot;,&quot;sizes&quot;:[]},&quot;_transform_scale_effect_tablet&quot;:{&quot;unit&quot;:&quot;px&quot;,&quot;size&quot;:&quot;&quot;,&quot;sizes&quot;:[]},&quot;_transform_scale_effect_mobile&quot;:{&quot;unit&quot;:&quot;px&quot;,&quot;size&quot;:&quot;&quot;,&quot;sizes&quot;:[]}}\" data-widget_type=\"call-to-action.default\">\n\t\t\t\t<div class=\"elementor-widget-container\">\n\t\t\t\t\t\t\t<a class=\"elementor-cta\" href=\"https:\/\/alltic.pl\/?page_id=10\">\n\t\t\t\t\t<div class=\"elementor-cta__bg-wrapper\">\n\t\t\t\t<div class=\"elementor-cta__bg elementor-bg\" style=\"background-image: url(https:\/\/alltic.pl\/wp-content\/uploads\/2023\/03\/34686124_363661070789715_3596331903994560512_n.jpg);\" role=\"img\" aria-label=\"Sie\u0107 LAN Kat 6A\"><\/div>\n\t\t\t\t<div class=\"elementor-cta__bg-overlay\"><\/div>\n\t\t\t<\/div>\n\t\t\t\t\t\t\t<div class=\"elementor-cta__content\">\n\t\t\t\t\n\t\t\t\t\t\t\t\t\t<h2 class=\"elementor-cta__title elementor-cta__content-item elementor-content-item elementor-animated-item--grow\">\n\t\t\t\t\t\tProfesjonalne Sieci Strukturalne: Stabilny Fundament Twojego Biznesu\t\t\t\t\t<\/h2>\n\t\t\t\t\n\t\t\t\t\t\t\t\t\t<div class=\"elementor-cta__description elementor-cta__content-item elementor-content-item elementor-animated-item--grow\">\n\t\t\t\t\t\tPrawid\u0142owo zaprojektowana i wykonana instalacja sieci strukturalnej to klucz do niezawodnej komunikacji w nowoczesnym biurze i przedsi\u0119biorstwie. Odpowiednie okablowanie strukturalne integruje systemy telefoniczne, komputerowe oraz monitoring w jedn\u0105, sp\u00f3jn\u0105 infrastruktur\u0119, eliminuj\u0105c problemy z zasi\u0119giem Wi-Fi i spadkami pr\u0119dko\u015bci transferu danych.\n\t\t\t\t\t<\/div>\n\t\t\t\t\n\t\t\t\t\t\t\t\t\t<div class=\"elementor-cta__button-wrapper elementor-cta__content-item elementor-content-item elementor-animated-item--grow\">\n\t\t\t\t\t<span class=\"elementor-cta__button elementor-button elementor-size-\">\n\t\t\t\t\t\tKliknij tutaj\t\t\t\t\t<\/span>\n\t\t\t\t\t<\/div>\n\t\t\t\t\t\t\t<\/div>\n\t\t\t\t\t\t<\/a>\n\t\t\t\t\t\t<\/div>\n\t\t\t\t<\/div>\n\t\t\t\t\t<\/div>\n\t\t<\/div>\n\t\t\t\t<div class=\"elementor-column elementor-col-50 elementor-top-column elementor-element elementor-element-c4d06d6\" data-id=\"c4d06d6\" data-element_type=\"column\">\n\t\t\t<div class=\"elementor-widget-wrap elementor-element-populated\">\n\t\t\t\t\t\t<div class=\"elementor-element elementor-element-86e7c84 e-transform elementor-cta--skin-cover elementor-animated-content elementor-bg-transform elementor-bg-transform-zoom-in elementor-widget elementor-widget-call-to-action\" data-id=\"86e7c84\" data-element_type=\"widget\" data-settings=\"{&quot;_transform_scale_effect&quot;:{&quot;unit&quot;:&quot;px&quot;,&quot;size&quot;:&quot;&quot;,&quot;sizes&quot;:[]},&quot;_transform_scale_effect_tablet&quot;:{&quot;unit&quot;:&quot;px&quot;,&quot;size&quot;:&quot;&quot;,&quot;sizes&quot;:[]},&quot;_transform_scale_effect_mobile&quot;:{&quot;unit&quot;:&quot;px&quot;,&quot;size&quot;:&quot;&quot;,&quot;sizes&quot;:[]}}\" data-widget_type=\"call-to-action.default\">\n\t\t\t\t<div class=\"elementor-widget-container\">\n\t\t\t\t\t\t\t<a class=\"elementor-cta\" href=\"https:\/\/alltic.pl\/?page_id=11\">\n\t\t\t\t\t<div class=\"elementor-cta__bg-wrapper\">\n\t\t\t\t<div class=\"elementor-cta__bg elementor-bg\" style=\"background-image: url(https:\/\/alltic.pl\/wp-content\/uploads\/2026\/01\/347301f9-e718-48f6-948e-ab6944020a85-768x1024.webp);\" role=\"img\" aria-label=\"Wideodomofon IP HIKVISION\"><\/div>\n\t\t\t\t<div class=\"elementor-cta__bg-overlay\"><\/div>\n\t\t\t<\/div>\n\t\t\t\t\t\t\t<div class=\"elementor-cta__content\">\n\t\t\t\t\n\t\t\t\t\t\t\t\t\t<h2 class=\"elementor-cta__title elementor-cta__content-item elementor-content-item elementor-animated-item--grow\">\n\t\t\t\t\t\tNowoczesne Wideodomofony i Domofony: Kontrola Dost\u0119pu na Najwy\u017cszym Poziomie\t\t\t\t\t<\/h2>\n\t\t\t\t\n\t\t\t\t\t\t\t\t\t<div class=\"elementor-cta__description elementor-cta__content-item elementor-content-item elementor-animated-item--grow\">\n\t\t\t\t\t\tProfesjonalna instalacja wideodomofonu to inwestycja w bezpiecze\u0144stwo i codzienn\u0105 wygod\u0119. Nowoczesne systemy domofonowe przesta\u0142y by\u0107 zwyk\u0142ym narz\u0119dziem do otwierania furtki \u2013 dzi\u015b to zaawansowane rozwi\u0105zania pozwalaj\u0105ce na identyfikacj\u0119 go\u015bci, zdalne sterowanie wej\u015bciem oraz integracj\u0119 z systemem inteligentnego domu.\t\t\t\t\t<\/div>\n\t\t\t\t\n\t\t\t\t\t\t\t\t\t<div class=\"elementor-cta__button-wrapper elementor-cta__content-item elementor-content-item elementor-animated-item--grow\">\n\t\t\t\t\t<span class=\"elementor-cta__button elementor-button elementor-size-\">\n\t\t\t\t\t\tKliknij tutaj\t\t\t\t\t<\/span>\n\t\t\t\t\t<\/div>\n\t\t\t\t\t\t\t<\/div>\n\t\t\t\t\t\t<\/a>\n\t\t\t\t\t\t<\/div>\n\t\t\t\t<\/div>\n\t\t\t\t\t<\/div>\n\t\t<\/div>\n\t\t\t\t\t<\/div>\n\t\t<\/section>\n\t\t\t\t<\/div>\n\t\t","protected":false},"excerpt":{"rendered":"<p>Profesjonalny Monta\u017c Monitoringu: Bezpiecze\u0144stwo pod Kontrol\u0105 Skuteczna instalacja monitoringu wizyjnego to fundament bezpiecze\u0144stwa ka\u017cdego domu, biura czy magazynu. Proces ten wykracza poza samo rozmieszczenie urz\u0105dze\u0144 \u2013 to precyzyjne projektowanie systemu, kt\u00f3ry eliminuje martwe strefy i zapewnia pe\u0142ny nadz\u00f3r nad mieniem przez 24\/7. Kliknij tutaj Profesjonalna Instalacja Systemu Alarmowego: Twoja Twierdza pod Kontrol\u0105 Skuteczna instalacja systemu [&hellip;]<\/p>\n","protected":false},"author":1,"featured_media":0,"parent":0,"menu_order":0,"comment_status":"closed","ping_status":"closed","template":"","meta":{"footnotes":""},"class_list":["post-28","page","type-page","status-publish","hentry"],"yoast_head":"<!-- This site is optimized with the Yoast SEO plugin v26.7 - https:\/\/yoast.com\/wordpress\/plugins\/seo\/ -->\n<title>home page - ALLTIC Sp. z o.o.<\/title>\n<meta name=\"description\" content=\"Nasza firma specjalizuje si\u0119 w instalacjach system\u00f3w: monitoringu wizyjnego, alarm\u00f3w, domofon\u00f3w i wideo domofon\u00f3w.\" \/>\n<meta name=\"robots\" content=\"index, follow, max-snippet:-1, max-image-preview:large, max-video-preview:-1\" \/>\n<link rel=\"canonical\" href=\"https:\/\/alltic.pl\/\" \/>\n<meta property=\"og:locale\" content=\"pl_PL\" \/>\n<meta property=\"og:type\" content=\"article\" \/>\n<meta property=\"og:title\" content=\"home page - ALLTIC Sp. z o.o.\" \/>\n<meta property=\"og:description\" content=\"Nasza firma specjalizuje si\u0119 w instalacjach system\u00f3w: monitoringu wizyjnego, alarm\u00f3w, domofon\u00f3w i wideo domofon\u00f3w.\" \/>\n<meta property=\"og:url\" content=\"https:\/\/alltic.pl\/\" \/>\n<meta property=\"og:site_name\" content=\"ALLTIC Sp. z o.o.\" \/>\n<meta property=\"article:modified_time\" content=\"2026-01-08T07:54:58+00:00\" \/>\n<meta name=\"twitter:card\" content=\"summary_large_image\" \/>\n<meta name=\"twitter:label1\" content=\"Szacowany czas czytania\" \/>\n\t<meta name=\"twitter:data1\" content=\"2 minuty\" \/>\n<script type=\"application\/ld+json\" class=\"yoast-schema-graph\">{\"@context\":\"https:\/\/schema.org\",\"@graph\":[{\"@type\":\"WebPage\",\"@id\":\"https:\/\/alltic.pl\/\",\"url\":\"https:\/\/alltic.pl\/\",\"name\":\"home page - ALLTIC Sp. z o.o.\",\"isPartOf\":{\"@id\":\"https:\/\/alltic.pl\/#website\"},\"datePublished\":\"2023-03-10T21:02:38+00:00\",\"dateModified\":\"2026-01-08T07:54:58+00:00\",\"description\":\"Nasza firma specjalizuje si\u0119 w instalacjach system\u00f3w: monitoringu wizyjnego, alarm\u00f3w, domofon\u00f3w i wideo domofon\u00f3w.\",\"breadcrumb\":{\"@id\":\"https:\/\/alltic.pl\/#breadcrumb\"},\"inLanguage\":\"pl-PL\",\"potentialAction\":[{\"@type\":\"ReadAction\",\"target\":[\"https:\/\/alltic.pl\/\"]}]},{\"@type\":\"BreadcrumbList\",\"@id\":\"https:\/\/alltic.pl\/#breadcrumb\",\"itemListElement\":[{\"@type\":\"ListItem\",\"position\":1,\"name\":\"Home\",\"item\":\"https:\/\/alltic.pl\/\"},{\"@type\":\"ListItem\",\"position\":2,\"name\":\"home page\"}]},{\"@type\":\"WebSite\",\"@id\":\"https:\/\/alltic.pl\/#website\",\"url\":\"https:\/\/alltic.pl\/\",\"name\":\"ALLTIC Sp. z o.o.\",\"description\":\"\",\"publisher\":{\"@id\":\"https:\/\/alltic.pl\/#organization\"},\"potentialAction\":[{\"@type\":\"SearchAction\",\"target\":{\"@type\":\"EntryPoint\",\"urlTemplate\":\"https:\/\/alltic.pl\/?s={search_term_string}\"},\"query-input\":{\"@type\":\"PropertyValueSpecification\",\"valueRequired\":true,\"valueName\":\"search_term_string\"}}],\"inLanguage\":\"pl-PL\"},{\"@type\":\"Organization\",\"@id\":\"https:\/\/alltic.pl\/#organization\",\"name\":\"ALLTIC Sp. z o.o.\",\"url\":\"https:\/\/alltic.pl\/\",\"logo\":{\"@type\":\"ImageObject\",\"inLanguage\":\"pl-PL\",\"@id\":\"https:\/\/alltic.pl\/#\/schema\/logo\/image\/\",\"url\":\"https:\/\/alltic.pl\/wp-content\/uploads\/2026\/01\/logo512x512.png\",\"contentUrl\":\"https:\/\/alltic.pl\/wp-content\/uploads\/2026\/01\/logo512x512.png\",\"width\":499,\"height\":488,\"caption\":\"ALLTIC Sp. z o.o.\"},\"image\":{\"@id\":\"https:\/\/alltic.pl\/#\/schema\/logo\/image\/\"}}]}<\/script>\n<!-- \/ Yoast SEO plugin. -->","yoast_head_json":{"title":"home page - ALLTIC Sp. z o.o.","description":"Nasza firma specjalizuje si\u0119 w instalacjach system\u00f3w: monitoringu wizyjnego, alarm\u00f3w, domofon\u00f3w i wideo domofon\u00f3w.","robots":{"index":"index","follow":"follow","max-snippet":"max-snippet:-1","max-image-preview":"max-image-preview:large","max-video-preview":"max-video-preview:-1"},"canonical":"https:\/\/alltic.pl\/","og_locale":"pl_PL","og_type":"article","og_title":"home page - ALLTIC Sp. z o.o.","og_description":"Nasza firma specjalizuje si\u0119 w instalacjach system\u00f3w: monitoringu wizyjnego, alarm\u00f3w, domofon\u00f3w i wideo domofon\u00f3w.","og_url":"https:\/\/alltic.pl\/","og_site_name":"ALLTIC Sp. z o.o.","article_modified_time":"2026-01-08T07:54:58+00:00","twitter_card":"summary_large_image","twitter_misc":{"Szacowany czas czytania":"2 minuty"},"schema":{"@context":"https:\/\/schema.org","@graph":[{"@type":"WebPage","@id":"https:\/\/alltic.pl\/","url":"https:\/\/alltic.pl\/","name":"home page - ALLTIC Sp. z o.o.","isPartOf":{"@id":"https:\/\/alltic.pl\/#website"},"datePublished":"2023-03-10T21:02:38+00:00","dateModified":"2026-01-08T07:54:58+00:00","description":"Nasza firma specjalizuje si\u0119 w instalacjach system\u00f3w: monitoringu wizyjnego, alarm\u00f3w, domofon\u00f3w i wideo domofon\u00f3w.","breadcrumb":{"@id":"https:\/\/alltic.pl\/#breadcrumb"},"inLanguage":"pl-PL","potentialAction":[{"@type":"ReadAction","target":["https:\/\/alltic.pl\/"]}]},{"@type":"BreadcrumbList","@id":"https:\/\/alltic.pl\/#breadcrumb","itemListElement":[{"@type":"ListItem","position":1,"name":"Home","item":"https:\/\/alltic.pl\/"},{"@type":"ListItem","position":2,"name":"home page"}]},{"@type":"WebSite","@id":"https:\/\/alltic.pl\/#website","url":"https:\/\/alltic.pl\/","name":"ALLTIC Sp. z o.o.","description":"","publisher":{"@id":"https:\/\/alltic.pl\/#organization"},"potentialAction":[{"@type":"SearchAction","target":{"@type":"EntryPoint","urlTemplate":"https:\/\/alltic.pl\/?s={search_term_string}"},"query-input":{"@type":"PropertyValueSpecification","valueRequired":true,"valueName":"search_term_string"}}],"inLanguage":"pl-PL"},{"@type":"Organization","@id":"https:\/\/alltic.pl\/#organization","name":"ALLTIC Sp. z o.o.","url":"https:\/\/alltic.pl\/","logo":{"@type":"ImageObject","inLanguage":"pl-PL","@id":"https:\/\/alltic.pl\/#\/schema\/logo\/image\/","url":"https:\/\/alltic.pl\/wp-content\/uploads\/2026\/01\/logo512x512.png","contentUrl":"https:\/\/alltic.pl\/wp-content\/uploads\/2026\/01\/logo512x512.png","width":499,"height":488,"caption":"ALLTIC Sp. z o.o."},"image":{"@id":"https:\/\/alltic.pl\/#\/schema\/logo\/image\/"}}]}},"_links":{"self":[{"href":"https:\/\/alltic.pl\/index.php?rest_route=\/wp\/v2\/pages\/28","targetHints":{"allow":["GET"]}}],"collection":[{"href":"https:\/\/alltic.pl\/index.php?rest_route=\/wp\/v2\/pages"}],"about":[{"href":"https:\/\/alltic.pl\/index.php?rest_route=\/wp\/v2\/types\/page"}],"author":[{"embeddable":true,"href":"https:\/\/alltic.pl\/index.php?rest_route=\/wp\/v2\/users\/1"}],"replies":[{"embeddable":true,"href":"https:\/\/alltic.pl\/index.php?rest_route=%2Fwp%2Fv2%2Fcomments&post=28"}],"version-history":[{"count":305,"href":"https:\/\/alltic.pl\/index.php?rest_route=\/wp\/v2\/pages\/28\/revisions"}],"predecessor-version":[{"id":791,"href":"https:\/\/alltic.pl\/index.php?rest_route=\/wp\/v2\/pages\/28\/revisions\/791"}],"wp:attachment":[{"href":"https:\/\/alltic.pl\/index.php?rest_route=%2Fwp%2Fv2%2Fmedia&parent=28"}],"curies":[{"name":"wp","href":"https:\/\/api.w.org\/{rel}","templated":true}]}}